{"id":101,"date":"2017-07-16T14:47:34","date_gmt":"2017-07-16T12:47:34","guid":{"rendered":"http:\/\/www.noveodbory.sk\/?page_id=101"},"modified":"2017-08-21T11:21:44","modified_gmt":"2017-08-21T09:21:44","slug":"o-nas","status":"publish","type":"page","link":"https:\/\/www.noveodbory.sk\/?page_id=101","title":{"rendered":"Hlavn\u00e1 str\u00e1nka"},"content":{"rendered":"<div id=\"metaslider-id-219\" style=\"max-width: 700px;\" class=\"ml-slider-3-96-0 metaslider metaslider-flex metaslider-219 ml-slider ms-theme-default\" role=\"region\" aria-roledescription=\"Slideshow\" aria-label=\"New Slider\">\n    <div id=\"metaslider_container_219\">\n        <div id=\"metaslider_219\">\n            <ul class='slides'>\n                <li style=\"display: block; width: 100%;\" class=\"slide-220 ms-image \" aria-roledescription=\"slide\" aria-label=\"slide-220\" data-date=\"2017-08-08 12:55:47\"><img loading=\"lazy\" decoding=\"async\" src=\"https:\/\/www.noveodbory.sk\/wp-content\/uploads\/2017\/06\/1377822-640x274.jpg\" height=\"300\" width=\"700\" alt=\"\" class=\"slider-219 slide-220\" \/><\/li>\n                <li style=\"display: none; width: 100%;\" class=\"slide-221 ms-image \" aria-roledescription=\"slide\" aria-label=\"slide-221\" data-date=\"2017-08-08 12:55:56\"><img loading=\"lazy\" decoding=\"async\" src=\"https:\/\/www.noveodbory.sk\/wp-content\/uploads\/2017\/06\/energetika1-700x300.jpg\" height=\"300\" width=\"700\" alt=\"\" class=\"slider-219 slide-221\" \/><\/li>\n                <li style=\"display: none; width: 100%;\" class=\"slide-222 ms-image \" aria-roledescription=\"slide\" aria-label=\"slide-222\" data-date=\"2017-08-08 12:56:27\"><img loading=\"lazy\" decoding=\"async\" src=\"https:\/\/www.noveodbory.sk\/wp-content\/uploads\/2017\/06\/stoziar-700x300.jpg\" height=\"300\" width=\"700\" alt=\"\" class=\"slider-219 slide-222\" \/><\/li>\n            <\/ul>\n        <\/div>\n        \n    <\/div>\n<\/div>\n<h4><strong>Vitajte na str\u00e1nkach NOE &#8211; Nov\u00fdch odborov energetikov<\/strong><\/h4>\n<p>Sme \u010dlenmi odborov\u00e9ho zv\u00e4zu AIOS, ktor\u00fd je alternat\u00edvou \u0161tandardn\u00fdch odborov\u00fdch organiz\u00e1ci\u00ed. Od samotn\u00e9ho za\u010diatku boli pre n\u00e1s MODERN\u00c9 ODBORY AIOS jednozna\u010dnou vo\u013ebou a to najm\u00e4 pre ich nez\u00e1vislos\u0165, apolitickos\u0165, ako aj nad\u0161tandardn\u00fd profesion\u00e1lny a \u013eudsk\u00fd pr\u00edstup.<\/p>\n<p>N\u00e1\u0161 vznik bol podnieten\u00fd zhor\u0161uj\u00facimi sa pracovn\u00fdmi\u00a0 podmienkami v skupine SSE-D a.s., ako aj z h\u013eadiska n\u00e1s zamestnancov neakceptovate\u013en\u00fdm nov\u00fdm syst\u00e9mom riadenia spolo\u010dnosti, ktor\u00fd bol zaveden\u00fd po pr\u00edchode strategick\u00e9ho investora a v neposlednom rade absol\u00fatnou stratou d\u00f4veryhodnosti p\u00f4vodnej odborovej organiz\u00e1cie p\u00f4sobiacej na p\u00f4de SSE-D a.s.<\/p>\n<p>Na\u0161im cie\u013eom je navr\u00e1tenie firemnej kult\u00fary, v ktorej je zamestnanec v\u00e1\u017een\u00fdm \u010dlenom a nie len zlo\u017ekou s osobn\u00fdm \u010d\u00edslom sl\u00fa\u017eiacou na vytv\u00e1ranie zisku, v\u00fdrazn\u00e9 zlep\u0161enie pracovn\u00fdch podmienok, zn\u00ed\u017eenie nadmern\u00e9ho za\u0165a\u017eenia zamestnancov, ako aj zlep\u0161enie soci\u00e1lnej politiky zamestn\u00e1vate\u013ea vo\u010di zamestnancom.<\/p>\n<p>V NOE sa na rozhodovan\u00ed a smerovan\u00ed podie\u013eaj\u00fa v\u0161etci na\u0161i \u010dlenovia spolo\u010dne. Poskytovanie v\u010dasn\u00fdch a aktu\u00e1lnych inform\u00e1ci\u00ed o dian\u00ed v podniku, pl\u00e1novan\u00fdch zmen\u00e1ch, \u010di vn\u00fatropodnikov\u00fdch aktivit\u00e1ch je pre n\u00e1s samozrejmos\u0165ou.<\/p>\n<p>&nbsp;<\/p>\n<p>T\u00edm NOE<\/p>\n<p>&nbsp;<\/p>\n","protected":false},"excerpt":{"rendered":"<p>Vitajte na str\u00e1nkach NOE &#8211; Nov\u00fdch odborov energetikov Sme \u010dlenmi odborov\u00e9ho zv\u00e4zu AIOS, ktor\u00fd je alternat\u00edvou \u0161tandardn\u00fdch odborov\u00fdch organiz\u00e1ci\u00ed. Od samotn\u00e9ho za\u010diatku boli pre n\u00e1s MODERN\u00c9 ODBORY AIOS jednozna\u010dnou vo\u013ebou <a class=\"more-link\" href=\"https:\/\/www.noveodbory.sk\/?page_id=101\">Continue Reading \u2192<\/a><\/p>\n","protected":false},"author":1,"featured_media":0,"parent":0,"menu_order":0,"comment_status":"closed","ping_status":"closed","template":"","meta":{"footnotes":""},"class_list":["post-101","page","type-page","status-publish","hentry"],"_links":{"self":[{"href":"https:\/\/www.noveodbory.sk\/index.php?rest_route=\/wp\/v2\/pages\/101","targetHints":{"allow":["GET"]}}],"collection":[{"href":"https:\/\/www.noveodbory.sk\/index.php?rest_route=\/wp\/v2\/pages"}],"about":[{"href":"https:\/\/www.noveodbory.sk\/index.php?rest_route=\/wp\/v2\/types\/page"}],"author":[{"embeddable":true,"href":"https:\/\/www.noveodbory.sk\/index.php?rest_route=\/wp\/v2\/users\/1"}],"replies":[{"embeddable":true,"href":"https:\/\/www.noveodbory.sk\/index.php?rest_route=%2Fwp%2Fv2%2Fcomments&post=101"}],"version-history":[{"count":12,"href":"https:\/\/www.noveodbory.sk\/index.php?rest_route=\/wp\/v2\/pages\/101\/revisions"}],"predecessor-version":[{"id":311,"href":"https:\/\/www.noveodbory.sk\/index.php?rest_route=\/wp\/v2\/pages\/101\/revisions\/311"}],"wp:attachment":[{"href":"https:\/\/www.noveodbory.sk\/index.php?rest_route=%2Fwp%2Fv2%2Fmedia&parent=101"}],"curies":[{"name":"wp","href":"https:\/\/api.w.org\/{rel}","templated":true}]}}