{"id":141,"date":"2017-07-18T17:18:20","date_gmt":"2017-07-18T15:18:20","guid":{"rendered":"http:\/\/www.noveodbory.sk\/?page_id=141"},"modified":"2017-09-09T08:04:13","modified_gmt":"2017-09-09T06:04:13","slug":"anketa-zamestnancov-sse","status":"publish","type":"page","link":"https:\/\/www.noveodbory.sk\/?page_id=141","title":{"rendered":"Anketa"},"content":{"rendered":"<div\nid=\"ipt_fsqm_form_wrap_3\" class=\"ipt_uif_front ipt_uif_common type_2 ui-front ipt_fsqm_form eform-ltr\" data-ui-type=\"2\" data-ui-theme=\"[&quot;https:\\\/\\\/www.noveodbory.sk\\\/wp-content\\\/plugins\\\/wp-fsqm-pro\\\/material\\\/css\\\/material-red.css?version=3.7.4&quot;]\" data-ui-theme-id=\"material-red\" data-animation=\"1\">\n<noscript><div\nclass=\"ipt_fsqm_form_message_noscript ui-widget ui-widget-content ui-corner-all\"><div\nclass=\"ui-helper-reset ui-helper-clearfix ui-widget-header ui-corner-all\"><h3>Javascript is disabled<\/h3><\/div><div\nclass=\"ui-widget-content ui-corner-bottom\"><p>Javascript is disabled on your browser. Please enable it in order to use this form.<\/p><\/div><\/div>\n<\/noscript><div\nclass=\"ipt_uif_init_loader ipt-eform-preloader-inline ipt_uif_ajax_loader\"><div\nclass=\"ipt-eform-preloader-inner\"><div\nclass=\"ipt-eform-preloader-circle\"><div\nclass=\"preloader-wrapper active\"><div\nclass=\"spinner-layer spinner-blue\"><div\nclass=\"circle-clipper left\"><div\nclass=\"circle\"><\/div><\/div><div\nclass=\"gap-patch\"><div\nclass=\"circle\"><\/div><\/div><div\nclass=\"circle-clipper right\"><div\nclass=\"circle\"><\/div><\/div><\/div><div\nclass=\"spinner-layer spinner-red\"><div\nclass=\"circle-clipper left\"><div\nclass=\"circle\"><\/div><\/div><div\nclass=\"gap-patch\"><div\nclass=\"circle\"><\/div><\/div><div\nclass=\"circle-clipper right\"><div\nclass=\"circle\"><\/div><\/div><\/div><div\nclass=\"spinner-layer spinner-yellow\"><div\nclass=\"circle-clipper left\"><div\nclass=\"circle\"><\/div><\/div><div\nclass=\"gap-patch\"><div\nclass=\"circle\"><\/div><\/div><div\nclass=\"circle-clipper right\"><div\nclass=\"circle\"><\/div><\/div><\/div><div\nclass=\"spinner-layer spinner-green\"><div\nclass=\"circle-clipper left\"><div\nclass=\"circle\"><\/div><\/div><div\nclass=\"gap-patch\"><div\nclass=\"circle\"><\/div><\/div><div\nclass=\"circle-clipper right\"><div\nclass=\"circle\"><\/div><\/div><\/div><\/div><\/div><div\nclass=\"ipt-eform-preloader-text\"><div\nclass=\"ipt-eform-preloader-text-inner ipt_uif_ajax_loader_text\">Loading<\/div><\/div><div\nclass=\"clear\"><\/div><\/div><\/div><div\nstyle=\"display: none;\" class=\"ipt_uif_hidden_init\"><div\nclass=\"ipt_uif_message ipt_fsqm_uif_message_red ui-widget ui-widget-content ui-corner-all ipt_uif_widget_box\"><div\nclass=\"ui-helper-reset ui-helper-clearfix ui-widget-header ui-corner-all\"><h3>\n<span\nclass=\"ipt-icomoon-warning2 ipt_uif_text_icon_no_bg\"><\/span>\nPlease login to continue<\/h3><\/div><div\nclass=\"ui-widget-content ui-corner-all\"><form\naction=\"https:\/\/www.noveodbory.sk\/wp-login.php\" name=\"ipt_fsqm_up_login\" id=\"ipt_fsqm_up_login\" method=\"post\"><div\nclass=\"ipt_uif_column ipt_uif_column_half ipt_uif_conditional ipt_uif_column_custom\"><div\nclass=\"ipt_uif_column_inner side_margin\"><div\nclass=\"ipt_uif_question ipt_uif_question_full\"><div\nclass=\"ipt_uif_question_content\"><div\nclass=\"input-field has-icon\">\n<i\ntitle=\"\" class=\" ipt-icomoon-user ipticm prefix\"><\/i>\n<input\nclass=\" check_me  ipt_uif_text\"\ntype=\"text\"\nname=\"log\"\nid=\"log\"\nmaxlength=\"\"\nvalue=\"\" \/>\n<label\nfor=\"log\">Pou\u017e\u00edvate\u013esk\u00e9 meno<\/label><\/div><div\nclass=\"clear-both\"><\/div><\/div><\/div><div\nclass=\"clear-both\"><\/div><\/div><\/div><div\nclass=\"ipt_uif_column ipt_uif_column_half ipt_uif_conditional ipt_uif_column_custom\"><div\nclass=\"ipt_uif_column_inner side_margin\"><div\nclass=\"ipt_uif_question ipt_uif_question_full\"><div\nclass=\"ipt_uif_question_content\"><div\nclass=\"input-field has-icon ipt-eform-password\">\n<i\ntitle=\"Click to show password\" class=\" ipt-icomoon-eye ipticm prefix\"><\/i>\n<input\nclass=\" check_me  ipt_uif_text ipt_uif_password\"\ntype=\"password\"\nname=\"pwd\"\nid=\"pwd\"\nvalue=\"\" \/>\n<label\nfor=\"pwd\">Heslo<\/label><\/div><div\nclass=\"clear-both\"><\/div><\/div><\/div><div\nclass=\"clear-both\"><\/div><\/div><\/div><div\nclass=\"ipt_uif_column ipt_uif_column_full ipt_uif_conditional\"><div\nclass=\"ipt_uif_column_inner side_margin\"><div\nclass=\"clear-both\"><\/div><\/div><\/div><div\nclass=\"ipt_uif_column ipt_uif_column_full ipt_uif_conditional\"><div\nclass=\"ipt_uif_column_inner side_margin\"><div\nclass=\"ipt_uif_label_column column_1\">\n<input\ntype=\"checkbox\"\nclass=\"check_me ipt_uif_checkbox  ipt_uif_s_checkbox filled-in\"\nname=\"rememberme\" id=\"rememberme_forever\"\nvalue=\"forever\" \/>\n<label\nfor=\"rememberme_forever\" data-labelcon=\"&#xe18e;\">\nZapam\u00e4ta\u0165\t\t\t\t<\/label><\/div><div\nclass=\"clear-both\"><\/div><div\nclass=\"clear-both\"><\/div><\/div><\/div><div\nclass=\"ipt_uif_column ipt_uif_column_full ipt_uif_conditional\"><div\nclass=\"ipt_uif_column_inner side_margin\"><div\nclass=\"right ipt-eform-material-button-container\"><div\nclass=\"eform-button-container-inner\">\n<button\ntype=\"submit\" class=\"ipt_uif_button eform-material-button eform-ripple medium secondary-button\" name=\"wp-submit\" id=\"wp-submit\"><i\nclass=\"ipticm ipt-icomoon-switch\"><\/i> Login<\/button>\n<button\ntype=\"button\" onclick=\"javascript:window.location.href=&quot;https:\/\/www.noveodbory.sk\/wp-login.php?action=lostpassword&amp;redirect_to=https%3A%2F%2Fwww.noveodbory.sk&quot;\" class=\"ipt_uif_button eform-material-button eform-ripple medium secondary-button\" name=\"ipt_fsqm_up_rpwd\" id=\"ipt_fsqm_up_rpwd\"><i\nclass=\"ipticm ipt-icomoon-info3\"><\/i> Forgot Password<\/button><\/div><\/div><div\nclass=\"clear-both\"><\/div><\/div><\/div>\n<input\ntype=\"hidden\" name=\"redirect_to\" value=\"https:\/\/www.noveodbory.sk\" \/><div\nclass=\"clear\"><\/div><\/form><\/div><\/div><\/div><\/div>\n","protected":false},"excerpt":{"rendered":"","protected":false},"author":1,"featured_media":0,"parent":0,"menu_order":0,"comment_status":"closed","ping_status":"closed","template":"","meta":{"footnotes":""},"class_list":["post-141","page","type-page","status-publish","hentry"],"_links":{"self":[{"href":"https:\/\/www.noveodbory.sk\/index.php?rest_route=\/wp\/v2\/pages\/141","targetHints":{"allow":["GET"]}}],"collection":[{"href":"https:\/\/www.noveodbory.sk\/index.php?rest_route=\/wp\/v2\/pages"}],"about":[{"href":"https:\/\/www.noveodbory.sk\/index.php?rest_route=\/wp\/v2\/types\/page"}],"author":[{"embeddable":true,"href":"https:\/\/www.noveodbory.sk\/index.php?rest_route=\/wp\/v2\/users\/1"}],"replies":[{"embeddable":true,"href":"https:\/\/www.noveodbory.sk\/index.php?rest_route=%2Fwp%2Fv2%2Fcomments&post=141"}],"version-history":[{"count":3,"href":"https:\/\/www.noveodbory.sk\/index.php?rest_route=\/wp\/v2\/pages\/141\/revisions"}],"predecessor-version":[{"id":402,"href":"https:\/\/www.noveodbory.sk\/index.php?rest_route=\/wp\/v2\/pages\/141\/revisions\/402"}],"wp:attachment":[{"href":"https:\/\/www.noveodbory.sk\/index.php?rest_route=%2Fwp%2Fv2%2Fmedia&parent=141"}],"curies":[{"name":"wp","href":"https:\/\/api.w.org\/{rel}","templated":true}]}}