{"id":242,"date":"2017-08-19T19:32:31","date_gmt":"2017-08-19T17:32:31","guid":{"rendered":"http:\/\/www.noveodbory.sk\/?page_id=242"},"modified":"2024-05-29T08:26:46","modified_gmt":"2024-05-29T06:26:46","slug":"na-stiahnutie","status":"publish","type":"page","link":"https:\/\/www.noveodbory.sk\/?page_id=242","title":{"rendered":"Na stiahnutie"},"content":{"rendered":"<h4><span style=\"color: #000000;\"><strong>Tla\u010div\u00e1:<\/strong><\/span><\/h4>\n<p>S\u0165ahuj: <a href=\"https:\/\/www.noveodbory.sk\/wp-content\/uploads\/2024\/05\/Prihlaska-za-clena-002.pdf\">\u010clensk\u00e1 prihl\u00e1\u0161ka do ZO NOE.<\/a><\/p>\n<p>S\u0165ahuj: <a href=\"https:\/\/www.noveodbory.sk\/wp-content\/uploads\/2018\/09\/Dohoda_zr\u00e1\u017eka-zo-mzdy-NOE.doc\">Dohoda o zr\u00e1\u017ekach &#8211; NOE<\/a><\/p>\n<p>S\u0165ahuj: <a href=\"https:\/\/www.noveodbory.sk\/wp-content\/uploads\/2017\/08\/Odhl\u00e1\u0161ka.doc\">Odhl\u00e1senie z p\u00f4vodnej OO ECHOZ SSE a.s.<\/a><\/p>\n<p>S\u0165ahuj: <a href=\"https:\/\/www.noveodbory.sk\/wp-content\/uploads\/2018\/12\/Zru\u0161enie_dohody-o-zr\u00e1\u017ekach-zo-mzdy_odbory.doc\">Vypovedanie dohody o zr\u00e1\u017eke zo mzdy<\/a><\/p>\n<p>S\u0165ahuj: <a href=\"https:\/\/www.noveodbory.sk\/wp-content\/uploads\/2021\/03\/Vyhlasenie.pdf\">2 percent\u00e1<\/a><\/p>\n<p>S\u0165ahuj: <a href=\"https:\/\/www.noveodbory.sk\/?attachment_id=729\">\u017diados\u0165 o poskytnutie finan\u010dn\u00e9ho pr\u00edspevku<\/a><\/p>\n<p>S\u0165ahuj: <a href=\"https:\/\/www.noveodbory.sk\/wp-content\/uploads\/2022\/11\/1_Zasady_hospodarenia_FINAL.doc\">Z\u00e1sady hospod\u00e1renia<\/a><\/p>\n<p>S\u0165ahuj: <a href=\"https:\/\/www.noveodbory.sk\/wp-content\/uploads\/2024\/03\/Z\u00e1sady-hospod\u00e1renia-6.10.2023.pdf\">Z\u00e1sady hospod\u00e1renia 2023<\/a><\/p>\n<h4><strong>Propaga\u010dn\u00fd materi\u00e1l:<\/strong><\/h4>\n<h4><\/h4>\n<p>S\u0165ahuj: <a href=\"https:\/\/www.noveodbory.sk\/wp-content\/uploads\/2017\/08\/amik.pdf\">N\u00e1borov\u00fd<\/a><\/p>\n<p>S\u0165ahuj: <a href=\"https:\/\/www.noveodbory.sk\/wp-content\/uploads\/2017\/08\/Plag\u00e1t-pridaj-sa.pdf\">Pridaj sa k n\u00e1m<\/a><\/p>\n<p>S\u0165ahuj: <a href=\"https:\/\/www.noveodbory.sk\/wp-content\/uploads\/2017\/08\/Bro\u017e\u00farka.pdf\">Bro\u017e\u00farka<\/a><\/p>\n","protected":false},"excerpt":{"rendered":"<p>Tla\u010div\u00e1: S\u0165ahuj: \u010clensk\u00e1 prihl\u00e1\u0161ka do ZO NOE. S\u0165ahuj: Dohoda o zr\u00e1\u017ekach &#8211; NOE S\u0165ahuj: Odhl\u00e1senie z p\u00f4vodnej OO ECHOZ SSE a.s. S\u0165ahuj: Vypovedanie dohody o zr\u00e1\u017eke zo mzdy S\u0165ahuj: 2 <a class=\"more-link\" href=\"https:\/\/www.noveodbory.sk\/?page_id=242\">Continue Reading \u2192<\/a><\/p>\n","protected":false},"author":1,"featured_media":0,"parent":0,"menu_order":0,"comment_status":"closed","ping_status":"closed","template":"","meta":{"footnotes":""},"class_list":["post-242","page","type-page","status-publish","hentry"],"_links":{"self":[{"href":"https:\/\/www.noveodbory.sk\/index.php?rest_route=\/wp\/v2\/pages\/242","targetHints":{"allow":["GET"]}}],"collection":[{"href":"https:\/\/www.noveodbory.sk\/index.php?rest_route=\/wp\/v2\/pages"}],"about":[{"href":"https:\/\/www.noveodbory.sk\/index.php?rest_route=\/wp\/v2\/types\/page"}],"author":[{"embeddable":true,"href":"https:\/\/www.noveodbory.sk\/index.php?rest_route=\/wp\/v2\/users\/1"}],"replies":[{"embeddable":true,"href":"https:\/\/www.noveodbory.sk\/index.php?rest_route=%2Fwp%2Fv2%2Fcomments&post=242"}],"version-history":[{"count":21,"href":"https:\/\/www.noveodbory.sk\/index.php?rest_route=\/wp\/v2\/pages\/242\/revisions"}],"predecessor-version":[{"id":869,"href":"https:\/\/www.noveodbory.sk\/index.php?rest_route=\/wp\/v2\/pages\/242\/revisions\/869"}],"wp:attachment":[{"href":"https:\/\/www.noveodbory.sk\/index.php?rest_route=%2Fwp%2Fv2%2Fmedia&parent=242"}],"curies":[{"name":"wp","href":"https:\/\/api.w.org\/{rel}","templated":true}]}}