{"id":268,"date":"2017-08-20T18:21:05","date_gmt":"2017-08-20T16:21:05","guid":{"rendered":"http:\/\/www.noveodbory.sk\/?page_id=268"},"modified":"2017-08-20T18:21:46","modified_gmt":"2017-08-20T16:21:46","slug":"o-nas-2","status":"publish","type":"page","link":"https:\/\/www.noveodbory.sk\/?page_id=268","title":{"rendered":"O n\u00e1s"},"content":{"rendered":"<p>Sme transparentnou a otvorenou z\u00e1kladnou odborovou organiz\u00e1ciou, ktor\u00e1 stoj\u00ed prioritne na strane zamestnancov.<\/p>\n<p>Na\u0161a pr\u00e1ca je na\u0161im poslan\u00edm a spokojnos\u0165 na\u0161ich \u010dlenov, zamestnancov, ktor\u00ed s\u00fa nosn\u00fdmi piliermi na\u0161ej spolo\u010dnosti a buduj\u00fa hodnoty celo\u0161t\u00e1tneho v\u00fdznamu, je pre n\u00e1s prvorad\u00e1.<\/p>\n<p>Sme jedni z v\u00e1s, a preto vieme ak\u00e9 d\u00f4le\u017eit\u00e9 je ma\u0165 bezpe\u010dn\u00e9, stabiln\u00e9 a pro-zamestnanecky orientovan\u00e9 pracovn\u00e9 prostredie. Sme presved\u010den\u00ed o tom, \u017ee zamestnanci s\u00fa t\u00fdm najd\u00f4le\u017eitej\u0161\u00edm a z\u00e1rove\u0148 najzranite\u013enej\u0161\u00edm \u010dl\u00e1nkom spolo\u010dnosti ako takej.<\/p>\n<p>Nes\u00fahlas\u00edme s nadmern\u00fdm za\u0165a\u017eovan\u00edm zamestnancov v\u00fdsledkom r\u00f4znych optimaliza\u010dn\u00fdch n\u00e1strojov zaveden\u00fdch v spolo\u010dnosti SSE-D, preto\u017ee vieme, \u017ee na\u0161a pr\u00e1ca je \u0161pecifick\u00e1, mnoh\u00e9 pr\u00e1ce s\u00fa jedine\u010dn\u00e9 a \u017eiadny optimaliza\u010dn\u00fd audit, ako ani \u0161tatistiky nie s\u00fa schopn\u00e9 ich podchyti\u0165 \u010di jednozna\u010dne definova\u0165.<\/p>\n<p>Nebudeme akceptova\u0165:<\/p>\n<ul>\n<li>poru\u0161ovanie BOZP<\/li>\n<li>poru\u0161ovanie z\u00e1konn\u00edka pr\u00e1ce<\/li>\n<li>vyhr\u00e1\u017eanie sa \u010di zastra\u0161ovanie zamestnancov<\/li>\n<li>neadekv\u00e1tne platov\u00e9 ohodnotenie<\/li>\n<li>nevhodn\u00e9 pracovn\u00e9 prostredie<\/li>\n<li>centraliz\u00e1ciu spolo\u010dnosti<\/li>\n<\/ul>\n<p>&nbsp;<\/p>\n<p>Na\u0161im cie\u013eom je aby SSE-D prosperovala, vyv\u00edjala sa, napredovala smerom, ktor\u00fd je prospe\u0161n\u00fd ako pre zamestnancov, tak aj pre koncov\u00fdch z\u00e1kazn\u00edkov a bola tu a sl\u00fa\u017eila na\u0161im potomkom tak, ako sl\u00fa\u017eila na\u0161im predkom.<\/p>\n<p>Sme<\/p>\n<ul>\n<li>apolitick\u00ed<\/li>\n<li>transparentn\u00ed<\/li>\n<li>neovplyvnite\u013en\u00ed<\/li>\n<li>nepodplatite\u013en\u00ed<\/li>\n<\/ul>\n<p><strong>\u00a0<\/strong><\/p>\n<p><strong>Ver\u00edme, \u017ee len spokojn\u00fd zamestnanec m\u00f4\u017ee by\u0165 dobr\u00fdm zamestnancom.<\/strong><\/p>\n<p><strong>Sme hrd\u00ed na to, \u017ee m\u00f4\u017eeme chr\u00e1ni\u0165 Va\u0161e z\u00e1ujmy a v\u010fa\u010dn\u00ed, \u017ee n\u00e1m d\u00f4verujete.<\/strong><\/p>\n<p><strong>\u00a0<\/strong><\/p>\n<p>T\u00edm NOE<\/p>\n","protected":false},"excerpt":{"rendered":"<p>Sme transparentnou a otvorenou z\u00e1kladnou odborovou organiz\u00e1ciou, ktor\u00e1 stoj\u00ed prioritne na strane zamestnancov. Na\u0161a pr\u00e1ca je na\u0161im poslan\u00edm a spokojnos\u0165 na\u0161ich \u010dlenov, zamestnancov, ktor\u00ed s\u00fa nosn\u00fdmi piliermi na\u0161ej spolo\u010dnosti a <a class=\"more-link\" href=\"https:\/\/www.noveodbory.sk\/?page_id=268\">Continue Reading \u2192<\/a><\/p>\n","protected":false},"author":1,"featured_media":0,"parent":0,"menu_order":0,"comment_status":"closed","ping_status":"closed","template":"","meta":{"footnotes":""},"class_list":["post-268","page","type-page","status-publish","hentry"],"_links":{"self":[{"href":"https:\/\/www.noveodbory.sk\/index.php?rest_route=\/wp\/v2\/pages\/268","targetHints":{"allow":["GET"]}}],"collection":[{"href":"https:\/\/www.noveodbory.sk\/index.php?rest_route=\/wp\/v2\/pages"}],"about":[{"href":"https:\/\/www.noveodbory.sk\/index.php?rest_route=\/wp\/v2\/types\/page"}],"author":[{"embeddable":true,"href":"https:\/\/www.noveodbory.sk\/index.php?rest_route=\/wp\/v2\/users\/1"}],"replies":[{"embeddable":true,"href":"https:\/\/www.noveodbory.sk\/index.php?rest_route=%2Fwp%2Fv2%2Fcomments&post=268"}],"version-history":[{"count":3,"href":"https:\/\/www.noveodbory.sk\/index.php?rest_route=\/wp\/v2\/pages\/268\/revisions"}],"predecessor-version":[{"id":273,"href":"https:\/\/www.noveodbory.sk\/index.php?rest_route=\/wp\/v2\/pages\/268\/revisions\/273"}],"wp:attachment":[{"href":"https:\/\/www.noveodbory.sk\/index.php?rest_route=%2Fwp%2Fv2%2Fmedia&parent=268"}],"curies":[{"name":"wp","href":"https:\/\/api.w.org\/{rel}","templated":true}]}}