{"id":277,"date":"2017-08-20T19:09:32","date_gmt":"2017-08-20T17:09:32","guid":{"rendered":"http:\/\/www.noveodbory.sk\/?page_id=277"},"modified":"2020-02-18T22:02:22","modified_gmt":"2020-02-18T20:02:22","slug":"kontakt","status":"publish","type":"page","link":"https:\/\/www.noveodbory.sk\/?page_id=277","title":{"rendered":"Kontakt"},"content":{"rendered":"<hr \/>\n<p style=\"text-align: left; padding-left: 30px;\"><strong>ZO OZ MODERN\u00c9 ODBORY AIOS NOV\u00c9 ODBORY ENERGETIKOV<\/strong><\/p>\n<p style=\"text-align: left; padding-left: 30px;\"><strong>Sv\u00e4toplukova 423\/32,<\/strong><\/p>\n<p style=\"text-align: left; padding-left: 30px;\"><strong>979 01 Rimavsk\u00e1 Sobota<\/strong><\/p>\n<hr \/>\n<p style=\"text-align: left; padding-left: 30px;\"><strong>e-mail: info@noveodbory.sk<\/strong><\/p>\n<p style=\"text-align: left; padding-left: 30px;\"><strong>tel: 0915 557 988<\/strong><\/p>\n<hr \/>\n<h1 style=\"padding-left: 30px; text-align: center;\"><strong>\u00a0<\/strong><\/h1>\n","protected":false},"excerpt":{"rendered":"<p>ZO OZ MODERN\u00c9 ODBORY AIOS NOV\u00c9 ODBORY ENERGETIKOV Sv\u00e4toplukova 423\/32, 979 01 Rimavsk\u00e1 Sobota e-mail: info@noveodbory.sk tel: 0915 557 988 \u00a0<\/p>\n","protected":false},"author":1,"featured_media":0,"parent":0,"menu_order":0,"comment_status":"closed","ping_status":"closed","template":"","meta":{"footnotes":""},"class_list":["post-277","page","type-page","status-publish","hentry"],"_links":{"self":[{"href":"https:\/\/www.noveodbory.sk\/index.php?rest_route=\/wp\/v2\/pages\/277","targetHints":{"allow":["GET"]}}],"collection":[{"href":"https:\/\/www.noveodbory.sk\/index.php?rest_route=\/wp\/v2\/pages"}],"about":[{"href":"https:\/\/www.noveodbory.sk\/index.php?rest_route=\/wp\/v2\/types\/page"}],"author":[{"embeddable":true,"href":"https:\/\/www.noveodbory.sk\/index.php?rest_route=\/wp\/v2\/users\/1"}],"replies":[{"embeddable":true,"href":"https:\/\/www.noveodbory.sk\/index.php?rest_route=%2Fwp%2Fv2%2Fcomments&post=277"}],"version-history":[{"count":8,"href":"https:\/\/www.noveodbory.sk\/index.php?rest_route=\/wp\/v2\/pages\/277\/revisions"}],"predecessor-version":[{"id":690,"href":"https:\/\/www.noveodbory.sk\/index.php?rest_route=\/wp\/v2\/pages\/277\/revisions\/690"}],"wp:attachment":[{"href":"https:\/\/www.noveodbory.sk\/index.php?rest_route=%2Fwp%2Fv2%2Fmedia&parent=277"}],"curies":[{"name":"wp","href":"https:\/\/api.w.org\/{rel}","templated":true}]}}